{"id":70,"date":"2020-01-28T06:55:07","date_gmt":"2020-01-28T06:55:07","guid":{"rendered":"https:\/\/demo.themeansar.com\/newsup\/lite\/?page_id=70"},"modified":"2025-07-21T12:01:00","modified_gmt":"2025-07-21T12:01:00","slug":"iletisim","status":"publish","type":"page","link":"https:\/\/xn--hayattarz-3pb.com\/en\/iletisim\/","title":{"rendered":"Contact"},"content":{"rendered":"<h2 class=\"wp-block-heading\">B\u0130ZE ULA\u015eIN<\/h2>\n\n\n\n<figure class=\"wp-block-pullquote\"><blockquote><p>info@hayattarz\u0131.com<\/p><cite>B\u0130ZLE \u0130LET\u0130\u015e\u0130ME GE\u00c7MEK \u0130\u00c7\u0130N B\u0130R MA\u0130L YAZINIZ<\/cite><\/blockquote><\/figure>\n\n\n\n<p><\/p>","protected":false},"excerpt":{"rendered":"<p>B\u0130ZE ULA\u015eIN info@hayattarz\u0131.com B\u0130ZLE \u0130LET\u0130\u015e\u0130ME GE\u00c7MEK \u0130\u00c7\u0130N B\u0130R MA\u0130L YAZINIZ<\/p>","protected":false},"author":1,"featured_media":0,"parent":0,"menu_order":0,"comment_status":"closed","ping_status":"closed","template":"","meta":{"footnotes":""},"class_list":["post-70","page","type-page","status-publish","hentry"],"_links":{"self":[{"href":"https:\/\/xn--hayattarz-3pb.com\/en\/wp-json\/wp\/v2\/pages\/70","targetHints":{"allow":["GET"]}}],"collection":[{"href":"https:\/\/xn--hayattarz-3pb.com\/en\/wp-json\/wp\/v2\/pages"}],"about":[{"href":"https:\/\/xn--hayattarz-3pb.com\/en\/wp-json\/wp\/v2\/types\/page"}],"author":[{"embeddable":true,"href":"https:\/\/xn--hayattarz-3pb.com\/en\/wp-json\/wp\/v2\/users\/1"}],"replies":[{"embeddable":true,"href":"https:\/\/xn--hayattarz-3pb.com\/en\/wp-json\/wp\/v2\/comments?post=70"}],"version-history":[{"count":2,"href":"https:\/\/xn--hayattarz-3pb.com\/en\/wp-json\/wp\/v2\/pages\/70\/revisions"}],"predecessor-version":[{"id":273,"href":"https:\/\/xn--hayattarz-3pb.com\/en\/wp-json\/wp\/v2\/pages\/70\/revisions\/273"}],"wp:attachment":[{"href":"https:\/\/xn--hayattarz-3pb.com\/en\/wp-json\/wp\/v2\/media?parent=70"}],"curies":[{"name":"wp","href":"https:\/\/api.w.org\/{rel}","templated":true}]}}