{"id":50,"date":"2020-01-12T16:49:43","date_gmt":"2020-01-12T16:49:43","guid":{"rendered":"https:\/\/demo.themeansar.com\/newsup\/lite\/?page_id=50"},"modified":"2025-07-31T15:03:51","modified_gmt":"2025-07-31T18:03:51","slug":"home-2","status":"publish","type":"page","link":"https:\/\/xn--hayattarz-3pb.com\/en\/","title":{"rendered":"ANA SAYFA"},"content":{"rendered":"<h1>Youtube kanal\u0131 kurma 7 kolay Ad\u0131mla ba\u015fla T\u00fcm taktikler dahil ve algoritma \u00e7\u00f6zme ad\u0131mlar\u0131 ke\u015ffete d\u00fc\u015fme.<\/h1>\n<p>\t\t\t\t\t\t\t\t\t\t<a href=\"https:\/\/www.youtube.com\/account\" rel=\"nofollow noopener\" target=\"_blank\"><br \/>\n\t\t\t\t\t\t\t\t\tHemen Youtube Kanal\u0131 Olu\u015ftur<br \/>\n\t\t\t\t\t<\/a><\/p>\n<h1><a href=\"https:\/\/xn--hayattarz-3pb.com\/en\/%f0%9f%92%a1-youtube-kanal-acma-7-kolay-adimda-basla\/\">DETAYLI A\u00c7IKLAMA \u0130\u00c7\u0130N TIKLAYINIZ.<\/a><\/h1>\n<p>\t\t\t\t\t\t\t\t\t\t\t\t\t\t\t<img fetchpriority=\"high\" decoding=\"async\" width=\"640\" height=\"960\" src=\"https:\/\/xn--hayattarz-3pb.com\/wp-content\/uploads\/2020\/01\/ChatGPT-Image-20-Tem-2025-10_03_10-683x1024.png\" alt=\"\" srcset=\"https:\/\/xn--hayattarz-3pb.com\/wp-content\/uploads\/2020\/01\/ChatGPT-Image-20-Tem-2025-10_03_10-683x1024.png 683w, https:\/\/xn--hayattarz-3pb.com\/wp-content\/uploads\/2020\/01\/ChatGPT-Image-20-Tem-2025-10_03_10-200x300.png 200w, https:\/\/xn--hayattarz-3pb.com\/wp-content\/uploads\/2020\/01\/ChatGPT-Image-20-Tem-2025-10_03_10-768x1152.png 768w, https:\/\/xn--hayattarz-3pb.com\/wp-content\/uploads\/2020\/01\/ChatGPT-Image-20-Tem-2025-10_03_10.png 1024w\" sizes=\"(max-width: 640px) 100vw, 640px\" \/>\t\t\t\t\t\t\t\t\t\t\t\t\t\t\t\t<\/p>\n<h1>RENKL\u0130 MOT\u0130FLERLE YAZ \u00c7ANTASI YAPIMI<\/h1>\n<h1><a href=\"https:\/\/xn--hayattarz-3pb.com\/en\/renkli-motiflerle-yaz-cantasi-yapimi\/\">DETAYLI A\u00c7IKLAMA \u0130\u00c7\u0130N YAZININ \u00dcZER\u0130NE TIKLAYINIZ.<\/a><\/h1>\n<p>\t\t\t\t\t\t\t\t\t\t\t\t\t\t\t<img decoding=\"async\" width=\"640\" height=\"960\" src=\"https:\/\/xn--hayattarz-3pb.com\/wp-content\/uploads\/2020\/03\/ChatGPT-Image-20-Tem-2025-14_38_16-683x1024.png\" alt=\"\" srcset=\"https:\/\/xn--hayattarz-3pb.com\/wp-content\/uploads\/2020\/03\/ChatGPT-Image-20-Tem-2025-14_38_16-683x1024.png 683w, https:\/\/xn--hayattarz-3pb.com\/wp-content\/uploads\/2020\/03\/ChatGPT-Image-20-Tem-2025-14_38_16-200x300.png 200w, https:\/\/xn--hayattarz-3pb.com\/wp-content\/uploads\/2020\/03\/ChatGPT-Image-20-Tem-2025-14_38_16-768x1152.png 768w, https:\/\/xn--hayattarz-3pb.com\/wp-content\/uploads\/2020\/03\/ChatGPT-Image-20-Tem-2025-14_38_16.png 1024w\" sizes=\"(max-width: 640px) 100vw, 640px\" \/><\/p>","protected":false},"excerpt":{"rendered":"<p>Youtube kanal\u0131 kurma 7 kolay Ad\u0131mla ba\u015fla T\u00fcm taktikler dahil ve algoritma \u00e7\u00f6zme ad\u0131mlar\u0131 ke\u015ffete d\u00fc\u015fme. Hemen Youtube Kanal\u0131 Olu\u015ftur DETAYLI A\u00c7IKLAMA \u0130\u00c7\u0130N TIKLAYINIZ. RENKL\u0130 MOT\u0130FLERLE YAZ \u00c7ANTASI YAPIMI DETAYLI A\u00c7IKLAMA \u0130\u00c7\u0130N YAZININ \u00dcZER\u0130NE TIKLAYINIZ.<\/p>","protected":false},"author":1,"featured_media":0,"parent":0,"menu_order":0,"comment_status":"closed","ping_status":"closed","template":"","meta":{"footnotes":""},"class_list":["post-50","page","type-page","status-publish","hentry"],"_links":{"self":[{"href":"https:\/\/xn--hayattarz-3pb.com\/en\/wp-json\/wp\/v2\/pages\/50","targetHints":{"allow":["GET"]}}],"collection":[{"href":"https:\/\/xn--hayattarz-3pb.com\/en\/wp-json\/wp\/v2\/pages"}],"about":[{"href":"https:\/\/xn--hayattarz-3pb.com\/en\/wp-json\/wp\/v2\/types\/page"}],"author":[{"embeddable":true,"href":"https:\/\/xn--hayattarz-3pb.com\/en\/wp-json\/wp\/v2\/users\/1"}],"replies":[{"embeddable":true,"href":"https:\/\/xn--hayattarz-3pb.com\/en\/wp-json\/wp\/v2\/comments?post=50"}],"version-history":[{"count":12,"href":"https:\/\/xn--hayattarz-3pb.com\/en\/wp-json\/wp\/v2\/pages\/50\/revisions"}],"predecessor-version":[{"id":397,"href":"https:\/\/xn--hayattarz-3pb.com\/en\/wp-json\/wp\/v2\/pages\/50\/revisions\/397"}],"wp:attachment":[{"href":"https:\/\/xn--hayattarz-3pb.com\/en\/wp-json\/wp\/v2\/media?parent=50"}],"curies":[{"name":"wp","href":"https:\/\/api.w.org\/{rel}","templated":true}]}}