{"id":366,"date":"2025-07-22T06:43:27","date_gmt":"2025-07-22T06:43:27","guid":{"rendered":"https:\/\/xn--hayattarz-3pb.com\/?page_id=366"},"modified":"2025-07-22T06:44:04","modified_gmt":"2025-07-22T06:44:04","slug":"hakkimda","status":"publish","type":"page","link":"https:\/\/xn--hayattarz-3pb.com\/en\/hakkimda\/","title":{"rendered":"ABOUT ME"},"content":{"rendered":"<h1 class=\"wp-block-heading\">ABOUT ME<\/h1>\n\n\n\n<figure class=\"wp-block-pullquote\"><blockquote><p>This site was created to share content about technology, lifestyle, and useful information.<br>My goal is to present the information I learn in a clear and simple way.<br>I'm here to learn new things, share them, and grow together through this journey.\"<br>By following my posts, you can join me on this journey.\"<\/p><cite>info@hayattarz\u0131.com<\/cite><\/blockquote><\/figure>\n\n\n\n<p><\/p>","protected":false},"excerpt":{"rendered":"<p>Hakk\u0131mda Bu site; teknoloji, ya\u015fam tarz\u0131 ve faydal\u0131 bilgiler \u00fczerine i\u00e7erikler payla\u015fmak amac\u0131yla kuruldu.Amac\u0131m, \u00f6\u011frendi\u011fim bilgileri sade ve anla\u015f\u0131l\u0131r bir \u015fekilde sunmak.Yeni \u015feyler \u00f6\u011frenmek, payla\u015fmak ve bu s\u00fcre\u00e7te birlikte geli\u015fmek i\u00e7in buraday\u0131m.Yaz\u0131lar\u0131m\u0131 takip ederek sen de bu yolculu\u011fa kat\u0131labilirsin. info@hayattarz\u0131.com<\/p>","protected":false},"author":1,"featured_media":0,"parent":0,"menu_order":0,"comment_status":"closed","ping_status":"closed","template":"","meta":{"footnotes":""},"class_list":["post-366","page","type-page","status-publish","hentry"],"_links":{"self":[{"href":"https:\/\/xn--hayattarz-3pb.com\/en\/wp-json\/wp\/v2\/pages\/366","targetHints":{"allow":["GET"]}}],"collection":[{"href":"https:\/\/xn--hayattarz-3pb.com\/en\/wp-json\/wp\/v2\/pages"}],"about":[{"href":"https:\/\/xn--hayattarz-3pb.com\/en\/wp-json\/wp\/v2\/types\/page"}],"author":[{"embeddable":true,"href":"https:\/\/xn--hayattarz-3pb.com\/en\/wp-json\/wp\/v2\/users\/1"}],"replies":[{"embeddable":true,"href":"https:\/\/xn--hayattarz-3pb.com\/en\/wp-json\/wp\/v2\/comments?post=366"}],"version-history":[{"count":1,"href":"https:\/\/xn--hayattarz-3pb.com\/en\/wp-json\/wp\/v2\/pages\/366\/revisions"}],"predecessor-version":[{"id":367,"href":"https:\/\/xn--hayattarz-3pb.com\/en\/wp-json\/wp\/v2\/pages\/366\/revisions\/367"}],"wp:attachment":[{"href":"https:\/\/xn--hayattarz-3pb.com\/en\/wp-json\/wp\/v2\/media?parent=366"}],"curies":[{"name":"wp","href":"https:\/\/api.w.org\/{rel}","templated":true}]}}